{"id":6674,"date":"2021-10-31T08:31:41","date_gmt":"2021-10-31T08:31:41","guid":{"rendered":"https:\/\/neu.gruppeplanung.at\/impressum\/"},"modified":"2022-07-03T12:09:13","modified_gmt":"2022-07-03T12:09:13","slug":"impressum","status":"publish","type":"page","link":"https:\/\/www.gruppeplanung.at\/en\/impressum\/","title":{"rendered":"Impressum"},"content":{"rendered":"<p>[et_pb_section fb_built=&#8221;1&#8243; admin_label=&#8221;Sektion just content 1180 &#8211; 787 \/ 239&#8243; _builder_version=&#8221;4.17.2&#8243; _module_preset=&#8221;default&#8221; background_color=&#8221;RGBA(255,255,255,0)&#8221; custom_margin=&#8221;0px||0px||false|false&#8221; custom_padding=&#8221;0px||0px||false|false&#8221; sticky_position=&#8221;top&#8221; sticky_position_tablet=&#8221;none&#8221; sticky_position_phone=&#8221;none&#8221; sticky_position_last_edited=&#8221;on|phone&#8221; custom_css_main_element=&#8221; background-image: linear-gradient(||90deg,#000000 calc( 50% &#8211; 239px),rgba(0,0,0,0) calc( 50% &#8211; 239px))!important;&#8221; border_width_top=&#8221;4px&#8221; border_color_top=&#8221;#FFFFFF&#8221; border_color_bottom=&#8221;#FFFFFF&#8221; locked=&#8221;off&#8221; global_colors_info=&#8221;{}&#8221;][et_pb_row column_structure=&#8221;1_3,1_3,1_3&#8243; _builder_version=&#8221;4.17.2&#8243; _module_preset=&#8221;default&#8221; background_color=&#8221;RGBA(255,255,255,0)&#8221; custom_margin=&#8221;0px||0px||false|false&#8221; custom_padding=&#8221;0px||0px||false|false&#8221; custom_css_main_element=&#8221;margin-bottom: 0px;&#8221; global_colors_info=&#8221;{}&#8221; custom_css_main_element_last_edited=&#8221;on|phone&#8221; custom_css_main_element_tablet=&#8221;margin-bottom: 0px !important;&#8221; custom_css_main_element_phone=&#8221;margin-bottom: 0px !important;&#8221;][et_pb_column type=&#8221;1_3&#8243; _builder_version=&#8221;4.17.2&#8243; _module_preset=&#8221;default&#8221; background_color=&#8221;#000000&#8243; horizontal_offset=&#8221;1px&#8221; custom_padding=&#8221;25px||10px||false|false&#8221; custom_css_main_element=&#8221;margin-bottom: 0px !important;&#8221; border_width_right=&#8221;4px&#8221; border_color_right=&#8221;#FFFFFF&#8221; border_width_bottom=&#8221;5px&#8221; border_color_bottom=&#8221;#FFFFFF&#8221; border_width_right_tablet=&#8221;0px&#8221; border_width_right_phone=&#8221;0px&#8221; border_width_right_last_edited=&#8221;on|tablet&#8221; border_width_bottom_tablet=&#8221;0px&#8221; border_width_bottom_phone=&#8221;0px&#8221; border_width_bottom_last_edited=&#8221;on|tablet&#8221; global_colors_info=&#8221;{}&#8221;][et_pb_text admin_label=&#8221;H1&#8243; _builder_version=&#8221;4.17.2&#8243; _module_preset=&#8221;default&#8221; text_font=&#8221;||||||||&#8221; header_font=&#8221;|300||on|||||&#8221; header_text_color=&#8221;#FFFFFF&#8221; header_font_size=&#8221;24px&#8221; header_letter_spacing=&#8221;5px&#8221; header_2_font=&#8221;||||||||&#8221; header_2_text_color=&#8221;#FFFFFF&#8221; header_2_font_size=&#8221;36px&#8221; background_color=&#8221;RGBA(0,0,0,0)&#8221; custom_margin=&#8221;0px||0px||false|false&#8221; custom_padding=&#8221;0px||0px||false|false&#8221; custom_padding_tablet=&#8221;|4px||4px|false|false&#8221; custom_padding_phone=&#8221;|4px||4px|false|false&#8221; custom_padding_last_edited=&#8221;on|tablet&#8221; hover_enabled=&#8221;0&#8243; locked=&#8221;off&#8221; global_colors_info=&#8221;{}&#8221; header_font_size__sticky_enabled=&#8221;on|sticky&#8221; header_font_size__sticky=&#8221;24px&#8221; header_letter_spacing__sticky_enabled=&#8221;on|desktop&#8221; header_letter_spacing__sticky=&#8221;5px&#8221; sticky_enabled=&#8221;0&#8243;]<\/p>\n<h1>Impressum<\/h1>\n<p>[\/et_pb_text][\/et_pb_column][et_pb_column type=&#8221;1_3&#8243; _builder_version=&#8221;4.16&#8243; _module_preset=&#8221;default&#8221; global_colors_info=&#8221;{}&#8221;][\/et_pb_column][et_pb_column type=&#8221;1_3&#8243; _builder_version=&#8221;4.16&#8243; _module_preset=&#8221;default&#8221; global_colors_info=&#8221;{}&#8221;][\/et_pb_column][\/et_pb_row][\/et_pb_section][et_pb_section fb_built=&#8221;1&#8243; admin_label=&#8221;Sektion Border just content 1180 &#8211; 787 \/ 239&#8243; _builder_version=&#8221;4.17.2&#8243; _module_preset=&#8221;default&#8221; vertical_offset=&#8221;-5px&#8221; module_alignment=&#8221;left&#8221; custom_margin=&#8221;0px||0px||false|false&#8221; custom_padding=&#8221;0px||0px||false|false&#8221; sticky_position=&#8221;top&#8221; sticky_offset_top=&#8221;-5px&#8221; sticky_position_tablet=&#8221;none&#8221; sticky_position_phone=&#8221;none&#8221; sticky_position_last_edited=&#8221;on|tablet&#8221; custom_css_main_element=&#8221;width: calc( 50% &#8211; 239px);&#8221; border_width_bottom=&#8221;4px&#8221; border_color_bottom=&#8221;#FFFFFF&#8221; locked=&#8221;off&#8221; global_colors_info=&#8221;{}&#8221;][et_pb_row _builder_version=&#8221;4.17.2&#8243; _module_preset=&#8221;default&#8221; background_color=&#8221;RGBA(0,0,0,0)&#8221; custom_margin=&#8221;0px||0px||false|false&#8221; custom_padding=&#8221;0px||0px||false|false&#8221; global_colors_info=&#8221;{}&#8221;][et_pb_column type=&#8221;4_4&#8243; _builder_version=&#8221;4.16&#8243; _module_preset=&#8221;default&#8221; background_color=&#8221;RGBA(0,0,0,0)&#8221; global_colors_info=&#8221;{}&#8221;][et_pb_divider show_divider=&#8221;off&#8221; _builder_version=&#8221;4.17.2&#8243; _module_preset=&#8221;default&#8221; height=&#8221;0px&#8221; global_colors_info=&#8221;{}&#8221;][\/et_pb_divider][\/et_pb_column][\/et_pb_row][\/et_pb_section][et_pb_section fb_built=&#8221;1&#8243; admin_label=&#8221;Section Inhalt&#8221; _builder_version=&#8221;4.16&#8243; _module_preset=&#8221;default&#8221; custom_margin=&#8221;0px||0px||false|false&#8221; custom_padding=&#8221;0px||0px||false|false&#8221; global_colors_info=&#8221;{}&#8221;][et_pb_row column_structure=&#8221;3_5,2_5&#8243; _builder_version=&#8221;4.16&#8243; _module_preset=&#8221;default&#8221; global_colors_info=&#8221;{}&#8221;][et_pb_column type=&#8221;3_5&#8243; _builder_version=&#8221;4.16&#8243; _module_preset=&#8221;default&#8221; global_colors_info=&#8221;{}&#8221;][et_pb_text _builder_version=&#8221;4.17.2&#8243; _module_preset=&#8221;default&#8221; text_font_size=&#8221;16px&#8221; header_2_font_size=&#8221;24px&#8221; header_3_font_size=&#8221;20px&#8221; hover_enabled=&#8221;0&#8243; global_colors_info=&#8221;{}&#8221; custom_padding_last_edited=&#8221;on|tablet&#8221; sticky_enabled=&#8221;0&#8243; custom_padding_tablet=&#8221;|||4px|false|false&#8221; custom_padding_phone=&#8221;|||4px|false|false&#8221;]<\/p>\n<div class=\"content\">\n<div class=\"inhalt\">\n<h2 class=\"intext\">MEDIENINHABER<\/h2>\n<p><span class=\"size_up\"><span class=\"intext\">GRUPPE<\/span><span class=\"intext\">PLANUNG<\/span><\/span><br \/>\nEngelsberggasse 4 \/ 4.OG<br \/>\nA &#8211; 1030 Wien<\/p>\n<p><span class=\"intext\">B\u00dcRO DR. PAULA<\/span><br \/>\nRaumplanung, Raumordnung und<br \/>\nLandschaftsplanung ZT-GmbH<\/p>\n<p>Gesch\u00e4ftsf\u00fchrende Gesellschafter*innen:<br \/>\nDipl.-Ing. Esther B\u00d6HM<br \/>\nDipl.-Ing. Reinhard HRDLICZKA<br \/>\nDipl.-Ing. Susanne SCHER\u00dcBL-MEITZ<\/p>\n<p>Gesellschafter*innen:<br \/>\nMarianne HANKE MSc<br \/>\nMartin KITZLER<br \/>\nIng. Helmut KOPITZ<br \/>\nMag. Thomas MEITZ<br \/>\nDipl.-Ing. Thomas PROKSCH<\/p>\n<p><span class=\"intext\">B\u00dcRO LAND IN SICHT<\/span><br \/>\nDipl.-Ing. Thomas PROKSCH<br \/>\nIngenieurkonsulent f\u00fcr Landschafts-<br \/>\nplanung und Landschaftspflege<\/p>\n<p>&nbsp;<\/p>\n<h2 class=\"intext\">INHALTE<\/h2>\n<p>Wir informieren Sie umfassend und detailliert \u00fcber unsere Firma, unsere T\u00e4tigkeitsbereiche und unsere Projekte. Selbstverst\u00e4ndlich erf\u00fcllt die Pr\u00e4sentation\u00a0<a class=\"textextlink\" href=\"http:\/\/www.gpl.at\/de\/view\/ajax\/diverses\/openLink\/?url=5\" target=\"_blank\" rel=\"noopener\">www.gpl.at<\/a><span class=\"textextlink\">\u00a0<\/span>\u00a0die Informationspflichten nach \u00a7 5 Abs.1 ECG (E-Commerce-Gesetz). Sollten Sie \u00fcber diese Informationen hinaus weitere Daten ben\u00f6tigen, stehen wir Ihnen gerne zur Verf\u00fcgung.<\/p>\n<p>Die Inhalte der Pr\u00e4sentation\u00a0<a class=\"textextlink\" href=\"http:\/\/www.gpl.at\/de\/view\/ajax\/diverses\/openLink\/?url=5\" target=\"_blank\" rel=\"noopener\">www.gpl.at<\/a><span class=\"textextlink\">\u00a0<\/span>\u00a0werden zur Ansicht im Internet zur Verf\u00fcgung gestellt und k\u00f6nnen f\u00fcr den pers\u00f6nlichen (privaten) Gebrauch auch gedownloadet und kopiert werden. Wenn Sie beabsichtigen, die Inhalte gewerblich oder in anderer Art zu nutzen, verpflichten Sie sich, das Einverst\u00e4ndnis der GRUPPEPLANUNG bzw. der diese repr\u00e4sentierenden Firmen B\u00fcro Dr. Paula, Raumplanung, Raumordnung und Landschaftsplanung ZT-GmbH und Land in Sicht, Dipl.-Ing. Thomas Proksch, Ingenieurkonsulent f\u00fcr Landschaftsplanung und Landschaftspflege im Vorhinein einzuholen:<br \/>\nT +43 \/ 1 \/ 718 48 68-0<br \/>\nF +43 \/ 1 \/ 718 48 68-20<br \/>\n<a class=\"textmail\" href=\"http:\/\/www.gpl.at\/de\/impressum\/#\">dr.paula@gpl.at<\/a><span class=\"textmail\">\u00a0<\/span><\/p>\n<p>&nbsp;<\/p>\n<h3 class=\"intext\">TEXTE<\/h3>\n<p>Die Texte der Internetpr\u00e4sentation\u00a0<a class=\"textextlink\" href=\"http:\/\/www.gpl.at\/de\/view\/ajax\/diverses\/openLink\/?url=5\" target=\"_blank\" rel=\"noopener\">www.gpl.at<\/a><span class=\"textextlink\">\u00a0<\/span>\u00a0sind geistiges Eigentum der GRUPPEPLANUNG bzw. der diese repr\u00e4sentierenden Firmen B\u00fcro Dr. Paula und Land in Sicht und sind somit nach \u00a7 2 Abs. 3 des Urheberrechtsgesetzes urheberrechtlich gesch\u00fctzt.<\/p>\n<p>&nbsp;<\/p>\n<h3 class=\"intext\">BILDMATERIAL<\/h3>\n<p>Das Bildmaterial (Photos , Graphiken &#8230;) sind Eigentum der GRUPPEPLANUNG oder wurden der GRUPPEPLANUNG von den jeweilgen Eigent\u00fcmern f\u00fcr diesen Zweck (Darstellung im Rahmen der\u00a0<a class=\"textextlink\" href=\"http:\/\/www.gpl.at\/de\/view\/ajax\/diverses\/openLink\/?url=5\" target=\"_blank\" rel=\"noopener\">www.gpl.at<\/a><span class=\"textextlink\">\u00a0<\/span>) zur Verf\u00fcgung gestellt und sind nach \u00a7 3 Abs. 1 und 2 des Urheberrechtsgesetzes urheberrechtlich gesch\u00fctzt.<\/p>\n<p>&nbsp;<\/p>\n<h3 class=\"intext\">LINKS ZU EXTERNEN INHALTEN<\/h3>\n<p>Sie finden in unserer Page auch Links zu anderen Internetpr\u00e4sentationen. Wir \u00fcbernehmen keinerlei Verantwortung und Haftung f\u00fcr die dort dargestellten Inhalte und dort vorhandenen Links zu weiteren Pr\u00e4sentationen, da wir keinerlei Einflu\u00df auf die Inhalte nehmen k\u00f6nnen. Sollten wider Erwarten nicht passende Inhalte darstellt werden oder Links nicht mehr aktuell sein, bitten wir Sie uns umgehend zu informieren.<\/p>\n<p>&nbsp;<\/p>\n<h2 class=\"intext\">DESIGN UND PROGRAMMIERUNG, TECHNISCHER SUPPORT<\/h2>\n<p>realisiert von\u00a0<a class=\"textextlink\" href=\"http:\/\/www.gpl.at\/de\/view\/ajax\/diverses\/openLink\/?url=9\" target=\"_blank\" rel=\"noopener\">iService<\/a><span class=\"textextlink\">\u00a0<\/span><\/p>\n<p>&nbsp;<\/p>\n<\/div>\n<\/div>\n<p>[\/et_pb_text][et_pb_button button_url=&#8221;@ET-DC@eyJkeW5hbWljIjp0cnVlLCJjb250ZW50IjoicG9zdF9saW5rX3VybF9wYWdlIiwic2V0dGluZ3MiOnsicG9zdF9pZCI6IjIyIn19@&#8221; button_text=&#8221;Projekte zu diesem Arbeitsfeld&#8221; disabled_on=&#8221;on|on|on&#8221; _builder_version=&#8221;4.16&#8243; _dynamic_attributes=&#8221;button_url&#8221; _module_preset=&#8221;default&#8221; custom_button=&#8221;on&#8221; button_text_size=&#8221;16px&#8221; button_text_color=&#8221;#000000&#8243; button_bg_color=&#8221;#FFFFFF&#8221; button_border_width=&#8221;1px&#8221; button_border_color=&#8221;#000000&#8243; button_border_radius=&#8221;0px&#8221; button_use_icon=&#8221;off&#8221; disabled=&#8221;on&#8221; global_colors_info=&#8221;{}&#8221; button_text_color__hover_enabled=&#8221;on|hover&#8221; button_text_color__hover=&#8221;#F2A300&#8243; button_border_color__hover_enabled=&#8221;on|hover&#8221; button_border_color__hover=&#8221;#F2A300&#8243;][\/et_pb_button][\/et_pb_column][et_pb_column type=&#8221;2_5&#8243; _builder_version=&#8221;4.16&#8243; _module_preset=&#8221;default&#8221; global_colors_info=&#8221;{}&#8221;][et_pb_image src=&#8221;https:\/\/www.gruppeplanung.at\/wp-content\/uploads\/2021\/11\/gruppe_planung_buero_eingang.jpg&#8221; title_text=&#8221;gruppe_planung_buero_eingang&#8221; show_in_lightbox=&#8221;on&#8221; align=&#8221;right&#8221; disabled_on=&#8221;on|on|on&#8221; _builder_version=&#8221;4.16&#8243; _module_preset=&#8221;default&#8221; disabled=&#8221;on&#8221; global_colors_info=&#8221;{}&#8221;][\/et_pb_image][\/et_pb_column][\/et_pb_row][\/et_pb_section]<\/p>\n","protected":false},"excerpt":{"rendered":"<p>Impressum MEDIENINHABER GRUPPEPLANUNG Engelsberggasse 4 \/ 4.OG A &#8211; 1030 Wien B\u00dcRO DR. PAULA Raumplanung, Raumordnung und Landschaftsplanung ZT-GmbH Gesch\u00e4ftsf\u00fchrende Gesellschafter*innen: Dipl.-Ing. Esther B\u00d6HM Dipl.-Ing. Reinhard HRDLICZKA Dipl.-Ing. Susanne SCHER\u00dcBL-MEITZ Gesellschafter*innen: Marianne HANKE MSc Martin KITZLER Ing. Helmut KOPITZ Mag. Thomas MEITZ Dipl.-Ing. Thomas PROKSCH B\u00dcRO LAND IN SICHT Dipl.-Ing. Thomas PROKSCH Ingenieurkonsulent f\u00fcr Landschafts- [&hellip;]<\/p>\n","protected":false},"author":2,"featured_media":0,"parent":0,"menu_order":0,"comment_status":"closed","ping_status":"closed","template":"","meta":{"_et_pb_use_builder":"on","_et_pb_old_content":"","_et_gb_content_width":"","footnotes":""},"class_list":["post-6674","page","type-page","status-publish","hentry"],"_links":{"self":[{"href":"https:\/\/www.gruppeplanung.at\/en\/wp-json\/wp\/v2\/pages\/6674","targetHints":{"allow":["GET"]}}],"collection":[{"href":"https:\/\/www.gruppeplanung.at\/en\/wp-json\/wp\/v2\/pages"}],"about":[{"href":"https:\/\/www.gruppeplanung.at\/en\/wp-json\/wp\/v2\/types\/page"}],"author":[{"embeddable":true,"href":"https:\/\/www.gruppeplanung.at\/en\/wp-json\/wp\/v2\/users\/2"}],"replies":[{"embeddable":true,"href":"https:\/\/www.gruppeplanung.at\/en\/wp-json\/wp\/v2\/comments?post=6674"}],"version-history":[{"count":0,"href":"https:\/\/www.gruppeplanung.at\/en\/wp-json\/wp\/v2\/pages\/6674\/revisions"}],"wp:attachment":[{"href":"https:\/\/www.gruppeplanung.at\/en\/wp-json\/wp\/v2\/media?parent=6674"}],"curies":[{"name":"wp","href":"https:\/\/api.w.org\/{rel}","templated":true}]}}